{"id":7,"date":"2021-06-30T18:36:35","date_gmt":"2021-06-30T16:36:35","guid":{"rendered":"https:\/\/www.shining-process-solutions.com\/?page_id=7"},"modified":"2025-03-31T14:48:55","modified_gmt":"2025-03-31T12:48:55","slug":"kontakt","status":"publish","type":"page","link":"https:\/\/www.shining-process-solutions.com\/de\/kontakt\/","title":{"rendered":"Kontakt"},"content":{"rendered":"\t\t<div data-elementor-type=\"wp-page\" data-elementor-id=\"7\" class=\"elementor elementor-7\" data-elementor-post-type=\"page\">\n\t\t\t\t\t\t<section class=\"elementor-section elementor-top-section elementor-element elementor-element-d8034d9 elementor-section-boxed elementor-section-height-default elementor-section-height-default\" data-id=\"d8034d9\" data-element_type=\"section\" data-e-type=\"section\">\n\t\t\t\t\t\t<div class=\"elementor-container elementor-column-gap-default\">\n\t\t\t\t\t<div class=\"elementor-column elementor-col-100 elementor-top-column elementor-element elementor-element-2339881\" data-id=\"2339881\" data-element_type=\"column\" data-e-type=\"column\">\n\t\t\t<div class=\"elementor-widget-wrap\">\n\t\t\t\t\t\t\t<\/div>\n\t\t<\/div>\n\t\t\t\t\t<\/div>\n\t\t<\/section>\n\t\t\t\t<section class=\"elementor-section elementor-top-section elementor-element elementor-element-542359f1 elementor-section-full_width elementor-section-height-min-height elementor-section-items-stretch elementor-section-content-middle elementor-section-height-default\" data-id=\"542359f1\" data-element_type=\"section\" data-e-type=\"section\">\n\t\t\t\t\t\t<div class=\"elementor-container elementor-column-gap-default\">\n\t\t\t\t\t<div class=\"elementor-column elementor-col-50 elementor-top-column elementor-element elementor-element-1ce4b10a\" data-id=\"1ce4b10a\" data-element_type=\"column\" data-e-type=\"column\" data-settings=\"{&quot;background_background&quot;:&quot;classic&quot;}\">\n\t\t\t<div class=\"elementor-widget-wrap elementor-element-populated\">\n\t\t\t\t\t\t<div class=\"elementor-element elementor-element-48e381a0 elementor-view-default elementor-position-block-start elementor-mobile-position-block-start elementor-widget elementor-widget-icon-box\" data-id=\"48e381a0\" data-element_type=\"widget\" data-e-type=\"widget\" data-settings=\"{&quot;motion_fx_motion_fx_scrolling&quot;:&quot;yes&quot;,&quot;motion_fx_opacity_effect&quot;:&quot;yes&quot;,&quot;motion_fx_opacity_range&quot;:{&quot;unit&quot;:&quot;%&quot;,&quot;size&quot;:&quot;&quot;,&quot;sizes&quot;:{&quot;start&quot;:10,&quot;end&quot;:45}},&quot;motion_fx_opacity_direction&quot;:&quot;out-in&quot;,&quot;motion_fx_opacity_level&quot;:{&quot;unit&quot;:&quot;px&quot;,&quot;size&quot;:10,&quot;sizes&quot;:[]},&quot;motion_fx_devices&quot;:[&quot;desktop&quot;,&quot;tablet&quot;,&quot;mobile&quot;]}\" data-widget_type=\"icon-box.default\">\n\t\t\t\t<div class=\"elementor-widget-container\">\n\t\t\t\t\t\t\t<div class=\"elementor-icon-box-wrapper\">\n\n\t\t\t\t\t\t<div class=\"elementor-icon-box-icon\">\n\t\t\t\t<span  class=\"elementor-icon\">\n\t\t\t\t<svg xmlns=\"http:\/\/www.w3.org\/2000\/svg\" xmlns:xlink=\"http:\/\/www.w3.org\/1999\/xlink\" xmlns:serif=\"http:\/\/www.serif.com\/\" width=\"100%\" height=\"100%\" viewBox=\"0 0 641 641\" xml:space=\"preserve\" style=\"fill-rule:evenodd;clip-rule:evenodd;stroke-linejoin:round;stroke-miterlimit:2;\"><path d=\"M52.479,32.746c-10.883,-0 -19.733,8.85 -19.733,19.721l-0,535.575c-0,10.875 8.85,19.725 19.733,19.725l535.567,-0c10.879,-0 19.729,-8.85 19.729,-19.725l-0,-535.575c-0,-10.871 -8.85,-19.721 -19.729,-19.721l-535.567,-0Zm535.567,607.767l-535.567,-0c-28.933,-0 -52.479,-23.538 -52.479,-52.471l-0,-535.575c-0,-28.929 23.546,-52.467 52.479,-52.467l535.567,0c28.933,0 52.479,23.538 52.479,52.467l-0,535.575c-0,28.933 -23.546,52.471 -52.479,52.471\" style=\"fill:#fff;fill-rule:nonzero;\"><\/path><path d=\"M504.258,236.538c17.208,-0 31.158,-13.95 31.158,-31.158c-0,-17.209 -13.95,-31.159 -31.159,-31.159c-17.212,0 -31.162,13.95 -31.162,31.159c-0,17.208 13.95,31.158 31.162,31.158\" style=\"fill:#fff;fill-rule:nonzero;\"><\/path><path d=\"M412.082,187.805c17.208,0 31.163,-13.95 31.163,-31.158c-0,-17.208 -13.955,-31.158 -31.163,-31.158c-17.208,-0 -31.162,13.95 -31.162,31.158c-0,17.208 13.954,31.158 31.162,31.158\" style=\"fill:#fff;fill-rule:nonzero;\"><\/path><path d=\"M453.602,365.723c-3.142,7.342 -11.637,10.746 -18.979,7.604c-7.338,-3.146 -10.746,-11.642 -7.6,-18.983c3.142,-7.342 11.637,-10.742 18.979,-7.6c7.342,3.141 10.742,11.641 7.6,18.979m-5.471,104.867c-4.666,10.891 -17.275,15.941 -28.162,11.279c-10.896,-4.667 -15.942,-17.275 -11.279,-28.167c4.662,-10.892 17.266,-15.937 28.158,-11.275c10.896,4.663 15.946,17.271 11.283,28.163m-229.816,-168.78c-6.775,15.821 -25.088,23.155 -40.909,16.38c-15.821,-6.771 -23.154,-25.084 -16.383,-40.905c6.775,-15.82 25.087,-23.154 40.908,-16.383c15.821,6.775 23.154,25.088 16.384,40.908m-88.842,78.055c-4.563,10.662 -16.904,15.604 -27.567,11.037c-10.662,-4.562 -15.604,-16.904 -11.041,-27.567c4.566,-10.662 16.908,-15.604 27.57,-11.041c10.663,4.566 15.605,16.908 11.038,27.571m327.054,-109.938c-6.708,0.083 -13.192,-0.054 -19.487,-0.387c2.045,-3.238 3.275,-7.046 3.275,-11.159c-0,-11.596 -9.405,-21 -21,-21c-11.6,0 -21,9.404 -21,21c-0,2.359 0.479,4.588 1.195,6.704c-72.883,-13.454 -124.179,-50.733 -220.437,-58.379c-47.3,-3.754 -88.696,1.004 -121.767,7.85l0,368.65l525.909,0l-0,-340.596c-52.046,21.605 -95.305,26.938 -126.688,27.317\" style=\"fill:#fff;fill-rule:nonzero;\"><\/path><\/svg>\t\t\t\t<\/span>\n\t\t\t<\/div>\n\t\t\t\n\t\t\t\t\t\t<div class=\"elementor-icon-box-content\">\n\n\t\t\t\t\t\t\t\t\t<h3 class=\"elementor-icon-box-title\">\n\t\t\t\t\t\t<span  >\n\t\t\t\t\t\t\tKontakt\t\t\t\t\t\t<\/span>\n\t\t\t\t\t<\/h3>\n\t\t\t\t\n\t\t\t\t\t\t\t\t\t<p class=\"elementor-icon-box-description\">\n\t\t\t\t\t\tB\u00fcro:\t\t\t\t\t<\/p>\n\t\t\t\t\n\t\t\t<\/div>\n\t\t\t\n\t\t<\/div>\n\t\t\t\t\t\t<\/div>\n\t\t\t\t<\/div>\n\t\t\t\t<div class=\"elementor-element elementor-element-3099891c elementor-widget elementor-widget-text-editor\" data-id=\"3099891c\" data-element_type=\"widget\" data-e-type=\"widget\" data-widget_type=\"text-editor.default\">\n\t\t\t\t<div class=\"elementor-widget-container\">\n\t\t\t\t\t\t\t\t\t<p>WR Shining Process Solutions<br \/>Hadeldorfstra\u00dfe 47<br \/>6830 Rankweil<\/p><p>+43 699 13717841<\/p>\t\t\t\t\t\t\t\t<\/div>\n\t\t\t\t<\/div>\n\t\t\t\t<div class=\"elementor-element elementor-element-12c37431 elementor-align-center elementor-widget elementor-widget-button\" data-id=\"12c37431\" data-element_type=\"widget\" data-e-type=\"widget\" data-widget_type=\"button.default\">\n\t\t\t\t<div class=\"elementor-widget-container\">\n\t\t\t\t\t\t\t\t\t<div class=\"elementor-button-wrapper\">\n\t\t\t\t\t<a class=\"elementor-button elementor-button-link elementor-size-sm\" href=\"#form\" target=\"_blank\">\n\t\t\t\t\t\t<span class=\"elementor-button-content-wrapper\">\n\t\t\t\t\t\t\t\t\t<span class=\"elementor-button-text\">KONTAKT<\/span>\n\t\t\t\t\t<\/span>\n\t\t\t\t\t<\/a>\n\t\t\t\t<\/div>\n\t\t\t\t\t\t\t\t<\/div>\n\t\t\t\t<\/div>\n\t\t\t\t\t<\/div>\n\t\t<\/div>\n\t\t\t\t<div class=\"elementor-column elementor-col-50 elementor-top-column elementor-element elementor-element-38cdb638\" data-id=\"38cdb638\" data-element_type=\"column\" data-e-type=\"column\" data-settings=\"{&quot;background_background&quot;:&quot;classic&quot;}\">\n\t\t\t<div class=\"elementor-widget-wrap elementor-element-populated\">\n\t\t\t\t\t\t<div class=\"elementor-element elementor-element-33909ab0 elementor-widget elementor-widget-spacer\" data-id=\"33909ab0\" data-element_type=\"widget\" data-e-type=\"widget\" data-widget_type=\"spacer.default\">\n\t\t\t\t<div class=\"elementor-widget-container\">\n\t\t\t\t\t\t\t<div class=\"elementor-spacer\">\n\t\t\t<div class=\"elementor-spacer-inner\"><\/div>\n\t\t<\/div>\n\t\t\t\t\t\t<\/div>\n\t\t\t\t<\/div>\n\t\t\t\t\t<\/div>\n\t\t<\/div>\n\t\t\t\t\t<\/div>\n\t\t<\/section>\n\t\t\t\t<section class=\"elementor-section elementor-top-section elementor-element elementor-element-2044ac32 elementor-section-boxed elementor-section-height-default elementor-section-height-default\" data-id=\"2044ac32\" data-element_type=\"section\" data-e-type=\"section\" data-settings=\"{&quot;background_background&quot;:&quot;classic&quot;}\">\n\t\t\t\t\t\t<div class=\"elementor-container elementor-column-gap-default\">\n\t\t\t\t\t<div class=\"elementor-column elementor-col-100 elementor-top-column elementor-element elementor-element-4a0eac29\" data-id=\"4a0eac29\" data-element_type=\"column\" data-e-type=\"column\">\n\t\t\t<div class=\"elementor-widget-wrap elementor-element-populated\">\n\t\t\t\t\t\t<div class=\"elementor-element elementor-element-249d31ad elementor-widget elementor-widget-heading\" data-id=\"249d31ad\" data-element_type=\"widget\" data-e-type=\"widget\" data-widget_type=\"heading.default\">\n\t\t\t\t<div class=\"elementor-widget-container\">\n\t\t\t\t\t<h2 class=\"elementor-heading-title elementor-size-default\">Hier k\u00f6nnen Sie uns kontaktieren<\/h2>\t\t\t\t<\/div>\n\t\t\t\t<\/div>\n\t\t\t\t<div class=\"elementor-element elementor-element-5c872583 elementor-button-align-stretch elementor-widget elementor-widget-form\" data-id=\"5c872583\" data-element_type=\"widget\" data-e-type=\"widget\" data-settings=\"{&quot;step_next_label&quot;:&quot;Weiter&quot;,&quot;step_previous_label&quot;:&quot;Zur\\u00fcck&quot;,&quot;button_width&quot;:&quot;100&quot;,&quot;step_type&quot;:&quot;number_text&quot;,&quot;step_icon_shape&quot;:&quot;circle&quot;}\" data-widget_type=\"form.default\">\n\t\t\t\t<div class=\"elementor-widget-container\">\n\t\t\t\t\t\t\t<form class=\"elementor-form\" method=\"post\" name=\"Kontaktformular\" aria-label=\"Kontaktformular\">\n\t\t\t<input type=\"hidden\" name=\"post_id\" value=\"7\"\/>\n\t\t\t<input type=\"hidden\" name=\"form_id\" value=\"5c872583\"\/>\n\t\t\t<input type=\"hidden\" name=\"referer_title\" value=\"Kontakt - Shining Process Solutions\" \/>\n\n\t\t\t\t\t\t\t<input type=\"hidden\" name=\"queried_id\" value=\"7\"\/>\n\t\t\t\n\t\t\t<div class=\"elementor-form-fields-wrapper elementor-labels-above\">\n\t\t\t\t\t\t\t\t<div class=\"elementor-field-type-step elementor-field-group elementor-column elementor-field-group-field_72a26da elementor-col-100\">\n\t\t\t\t\t\t\t<div class=\"e-field-step elementor-hidden\" data-label=\"\" data-previousButton=\"\" data-nextButton=\"\" data-iconUrl=\"\" data-iconLibrary=\"fas fa-star\" data-icon=\"\" ><\/div>\n\n\t\t\t\t\t\t<\/div>\n\t\t\t\t\t\t\t\t<div class=\"elementor-field-type-text elementor-field-group elementor-column elementor-field-group-name elementor-col-100\">\n\t\t\t\t\t\t\t\t\t\t\t\t<label for=\"form-field-name\" class=\"elementor-field-label\">\n\t\t\t\t\t\t\t\tName\t\t\t\t\t\t\t<\/label>\n\t\t\t\t\t\t\t\t\t\t\t\t\t\t<input size=\"1\" type=\"text\" name=\"form_fields[name]\" id=\"form-field-name\" class=\"elementor-field elementor-size-sm  elementor-field-textual\" placeholder=\"Vorname und Nachname\">\n\t\t\t\t\t\t\t\t\t\t\t<\/div>\n\t\t\t\t\t\t\t\t<div class=\"elementor-field-type-email elementor-field-group elementor-column elementor-field-group-email elementor-col-100 elementor-field-required\">\n\t\t\t\t\t\t\t\t\t\t\t\t<label for=\"form-field-email\" class=\"elementor-field-label\">\n\t\t\t\t\t\t\t\tEmail\t\t\t\t\t\t\t<\/label>\n\t\t\t\t\t\t\t\t\t\t\t\t\t\t<input size=\"1\" type=\"email\" name=\"form_fields[email]\" id=\"form-field-email\" class=\"elementor-field elementor-size-sm  elementor-field-textual\" placeholder=\"Email\" required=\"required\">\n\t\t\t\t\t\t\t\t\t\t\t<\/div>\n\t\t\t\t\t\t\t\t<div class=\"elementor-field-type-textarea elementor-field-group elementor-column elementor-field-group-message elementor-col-100\">\n\t\t\t\t\t\t\t\t\t\t\t\t<label for=\"form-field-message\" class=\"elementor-field-label\">\n\t\t\t\t\t\t\t\tNachricht\t\t\t\t\t\t\t<\/label>\n\t\t\t\t\t\t<textarea class=\"elementor-field-textual elementor-field  elementor-size-sm\" name=\"form_fields[message]\" id=\"form-field-message\" rows=\"4\" placeholder=\"Nachricht ...\"><\/textarea>\t\t\t\t<\/div>\n\t\t\t\t\t\t\t\t<div class=\"elementor-field-type-text\">\n\t\t\t\t\t<input size=\"1\" type=\"text\" name=\"form_fields[field_389ccbb]\" id=\"form-field-field_389ccbb\" class=\"elementor-field elementor-size-sm \" style=\"display:none !important;\">\t\t\t\t<\/div>\n\t\t\t\t\t\t\t\t<div class=\"elementor-field-type-step elementor-field-group elementor-column elementor-field-group-field_9f0ce6c elementor-col-100\">\n\t\t\t\t\t\t\t<div class=\"e-field-step elementor-hidden\" data-label=\"\" data-previousButton=\"\" data-nextButton=\"\" data-iconUrl=\"\" data-iconLibrary=\"fas fa-star\" data-icon=\"\" ><\/div>\n\n\t\t\t\t\t\t<\/div>\n\t\t\t\t\t\t\t\t<div class=\"elementor-field-type-html elementor-field-group elementor-column elementor-field-group-field_38d6d2a elementor-col-100\">\n\t\t\t\t\tZum Absenden des Formulars muss Google reCAPTCHA geladen werden.\t\t\t\t<\/div>\n\t\t\t\t\t\t\t\t<div class=\"elementor-field-type-recaptcha_v3 elementor-field-group elementor-column elementor-field-group-field_fef83b4 elementor-col-100 recaptcha_v3-inline\">\n\t\t\t\t\t<div class=\"elementor-field\" id=\"form-field-field_fef83b4\"><div class=\"elementor-g-recaptcha\" data-sitekey=\"6Lc_nQoiAAAAAFuGaL-VRTSnzUTu8IaE8IMBse7c\" data-type=\"v3\" data-action=\"Form\" data-badge=\"inline\" data-size=\"invisible\"><\/div><\/div>\t\t\t\t<\/div>\n\t\t\t\t\t\t\t\t<div class=\"elementor-field-type-acceptance elementor-field-group elementor-column elementor-field-group-field_3980769 elementor-col-100\">\n\t\t\t\t\t\t\t<div class=\"elementor-field-subgroup\">\n\t\t\t<span class=\"elementor-field-option\">\n\t\t\t\t<input type=\"checkbox\" name=\"form_fields[field_3980769]\" id=\"form-field-field_3980769\" class=\"elementor-field elementor-size-sm  elementor-acceptance-field\">\n\t\t\t\t<label for=\"form-field-field_3980769\">Ich erkl\u00e4re mich einverstanden damit, dass meine genannten Daten zum Zweck der Anfrage verarbeitet werden. Meine Daten bleiben bis auf meinen Wiederruf gespeichert, um meine Anfrage nachzuvollziehen. Die von dir angegebene E-Mail-Adresse und Telefonnummer wird nur zur Kontaktaufnahme verwendet.<\/label>\t\t\t<\/span>\n\t\t<\/div>\n\t\t\t\t\t\t<\/div>\n\t\t\t\t\t\t\t\t<div class=\"elementor-field-group elementor-column elementor-field-type-submit elementor-col-100 e-form__buttons\">\n\t\t\t\t\t<button class=\"elementor-button elementor-size-sm\" type=\"submit\">\n\t\t\t\t\t\t<span class=\"elementor-button-content-wrapper\">\n\t\t\t\t\t\t\t\t\t\t\t\t\t\t\t\t\t\t\t\t\t\t<span class=\"elementor-button-text\">Senden<\/span>\n\t\t\t\t\t\t\t\t\t\t\t\t\t<\/span>\n\t\t\t\t\t<\/button>\n\t\t\t\t<\/div>\n\t\t\t<\/div>\n\t\t<\/form>\n\t\t\t\t\t\t<\/div>\n\t\t\t\t<\/div>\n\t\t\t\t\t<\/div>\n\t\t<\/div>\n\t\t\t\t\t<\/div>\n\t\t<\/section>\n\t\t\t\t<section class=\"elementor-section elementor-top-section elementor-element elementor-element-d4fff61 elementor-section-full_width elementor-section-height-default elementor-section-height-default\" data-id=\"d4fff61\" data-element_type=\"section\" data-e-type=\"section\">\n\t\t\t\t\t\t<div class=\"elementor-container elementor-column-gap-default\">\n\t\t\t\t\t<div class=\"elementor-column elementor-col-100 elementor-top-column elementor-element elementor-element-a5cc7f1\" data-id=\"a5cc7f1\" data-element_type=\"column\" data-e-type=\"column\">\n\t\t\t<div class=\"elementor-widget-wrap elementor-element-populated\">\n\t\t\t\t\t\t<div class=\"elementor-element elementor-element-735aecb elementor-widget elementor-widget-google_maps\" data-id=\"735aecb\" data-element_type=\"widget\" data-e-type=\"widget\" data-widget_type=\"google_maps.default\">\n\t\t\t\t<div class=\"elementor-widget-container\">\n\t\t\t\t\t\t\t<div class=\"elementor-custom-embed\">\n\t\t\t<iframe loading=\"lazy\"\n\t\t\t\t\tsrc=\"https:\/\/www.google.com\/maps\/embed\/v1\/place?key=AIzaSyCl2hkbnATMcj5xsttL0loz8ynkv451k-Y&#038;q=WR%20Shining-Process-Solutions%20e.U%2C%20Hadeldorfstra%C3%9Fe%2C%20Rankweil&#038;zoom=10\"\n\t\t\t\t\ttitle=\"WR Shining-Process-Solutions e.U, Hadeldorfstra\u00dfe, Rankweil\"\n\t\t\t\t\taria-label=\"WR Shining-Process-Solutions e.U, Hadeldorfstra\u00dfe, Rankweil\"\n\t\t\t><\/iframe>\n\t\t<\/div>\n\t\t\t\t\t\t<\/div>\n\t\t\t\t<\/div>\n\t\t\t\t\t<\/div>\n\t\t<\/div>\n\t\t\t\t\t<\/div>\n\t\t<\/section>\n\t\t\t\t<\/div>\n\t\t","protected":false},"excerpt":{"rendered":"<p>Kontakt B\u00fcro: WR Shining Process SolutionsHadeldorfstra\u00dfe 476830 Rankweil +43 699 13717841 KONTAKT Hier k\u00f6nnen Sie uns kontaktieren<\/p>\n","protected":false},"author":1,"featured_media":0,"parent":0,"menu_order":0,"comment_status":"closed","ping_status":"closed","template":"","meta":{"footnotes":""},"class_list":["post-7","page","type-page","status-publish","hentry"],"yoast_head":"<!-- This site is optimized with the Yoast SEO plugin v27.4 - https:\/\/yoast.com\/product\/yoast-seo-wordpress\/ -->\n<title>Kontakt - Shining Process Solutions<\/title>\n<meta name=\"robots\" content=\"index, follow, max-snippet:-1, max-image-preview:large, max-video-preview:-1\" \/>\n<link rel=\"canonical\" href=\"https:\/\/www.shining-process-solutions.com\/de\/kontakt\/\" \/>\n<meta property=\"og:locale\" content=\"de_DE\" \/>\n<meta property=\"og:type\" content=\"article\" \/>\n<meta property=\"og:title\" content=\"Kontakt - Shining Process Solutions\" \/>\n<meta property=\"og:description\" content=\"Kontakt B\u00fcro: WR Shining Process SolutionsHadeldorfstra\u00dfe 476830 Rankweil +43 699 13717841 KONTAKT Hier k\u00f6nnen Sie uns kontaktieren\" \/>\n<meta property=\"og:url\" content=\"https:\/\/www.shining-process-solutions.com\/de\/kontakt\/\" \/>\n<meta property=\"og:site_name\" content=\"Shining Process Solutions\" \/>\n<meta property=\"article:modified_time\" content=\"2025-03-31T12:48:55+00:00\" \/>\n<meta name=\"twitter:card\" content=\"summary_large_image\" \/>\n<meta name=\"twitter:label1\" content=\"Gesch\u00e4tzte Lesezeit\" \/>\n\t<meta name=\"twitter:data1\" content=\"1\u00a0Minute\" \/>\n<script type=\"application\/ld+json\" class=\"yoast-schema-graph\">{\"@context\":\"https:\\\/\\\/schema.org\",\"@graph\":[{\"@type\":\"WebPage\",\"@id\":\"https:\\\/\\\/www.shining-process-solutions.com\\\/kontakt\\\/\",\"url\":\"https:\\\/\\\/www.shining-process-solutions.com\\\/kontakt\\\/\",\"name\":\"Kontakt - Shining Process Solutions\",\"isPartOf\":{\"@id\":\"https:\\\/\\\/www.shining-process-solutions.com\\\/#website\"},\"datePublished\":\"2021-06-30T16:36:35+00:00\",\"dateModified\":\"2025-03-31T12:48:55+00:00\",\"breadcrumb\":{\"@id\":\"https:\\\/\\\/www.shining-process-solutions.com\\\/kontakt\\\/#breadcrumb\"},\"inLanguage\":\"de\",\"potentialAction\":[{\"@type\":\"ReadAction\",\"target\":[\"https:\\\/\\\/www.shining-process-solutions.com\\\/kontakt\\\/\"]}]},{\"@type\":\"BreadcrumbList\",\"@id\":\"https:\\\/\\\/www.shining-process-solutions.com\\\/kontakt\\\/#breadcrumb\",\"itemListElement\":[{\"@type\":\"ListItem\",\"position\":1,\"name\":\"Home\",\"item\":\"https:\\\/\\\/www.shining-process-solutions.com\\\/\"},{\"@type\":\"ListItem\",\"position\":2,\"name\":\"Kontakt\"}]},{\"@type\":\"WebSite\",\"@id\":\"https:\\\/\\\/www.shining-process-solutions.com\\\/#website\",\"url\":\"https:\\\/\\\/www.shining-process-solutions.com\\\/\",\"name\":\"Shining Process Solutions\",\"description\":\"Forschung und Entwicklung - Research and Development\",\"publisher\":{\"@id\":\"https:\\\/\\\/www.shining-process-solutions.com\\\/#organization\"},\"potentialAction\":[{\"@type\":\"SearchAction\",\"target\":{\"@type\":\"EntryPoint\",\"urlTemplate\":\"https:\\\/\\\/www.shining-process-solutions.com\\\/?s={search_term_string}\"},\"query-input\":{\"@type\":\"PropertyValueSpecification\",\"valueRequired\":true,\"valueName\":\"search_term_string\"}}],\"inLanguage\":\"de\"},{\"@type\":\"Organization\",\"@id\":\"https:\\\/\\\/www.shining-process-solutions.com\\\/#organization\",\"name\":\"Shining Process Solutions\",\"url\":\"https:\\\/\\\/www.shining-process-solutions.com\\\/\",\"logo\":{\"@type\":\"ImageObject\",\"inLanguage\":\"de\",\"@id\":\"https:\\\/\\\/www.shining-process-solutions.com\\\/#\\\/schema\\\/logo\\\/image\\\/\",\"url\":\"https:\\\/\\\/www.shining-process-solutions.com\\\/wp-content\\\/uploads\\\/2021\\\/06\\\/cropped-cropped-cropped-cropped-Logo_digital_pos.png\",\"contentUrl\":\"https:\\\/\\\/www.shining-process-solutions.com\\\/wp-content\\\/uploads\\\/2021\\\/06\\\/cropped-cropped-cropped-cropped-Logo_digital_pos.png\",\"width\":512,\"height\":512,\"caption\":\"Shining Process Solutions\"},\"image\":{\"@id\":\"https:\\\/\\\/www.shining-process-solutions.com\\\/#\\\/schema\\\/logo\\\/image\\\/\"}}]}<\/script>\n<!-- \/ Yoast SEO plugin. -->","yoast_head_json":{"title":"Kontakt - Shining Process Solutions","robots":{"index":"index","follow":"follow","max-snippet":"max-snippet:-1","max-image-preview":"max-image-preview:large","max-video-preview":"max-video-preview:-1"},"canonical":"https:\/\/www.shining-process-solutions.com\/de\/kontakt\/","og_locale":"de_DE","og_type":"article","og_title":"Kontakt - Shining Process Solutions","og_description":"Kontakt B\u00fcro: WR Shining Process SolutionsHadeldorfstra\u00dfe 476830 Rankweil +43 699 13717841 KONTAKT Hier k\u00f6nnen Sie uns kontaktieren","og_url":"https:\/\/www.shining-process-solutions.com\/de\/kontakt\/","og_site_name":"Shining Process Solutions","article_modified_time":"2025-03-31T12:48:55+00:00","twitter_card":"summary_large_image","twitter_misc":{"Gesch\u00e4tzte Lesezeit":"1\u00a0Minute"},"schema":{"@context":"https:\/\/schema.org","@graph":[{"@type":"WebPage","@id":"https:\/\/www.shining-process-solutions.com\/kontakt\/","url":"https:\/\/www.shining-process-solutions.com\/kontakt\/","name":"Kontakt - Shining Process Solutions","isPartOf":{"@id":"https:\/\/www.shining-process-solutions.com\/#website"},"datePublished":"2021-06-30T16:36:35+00:00","dateModified":"2025-03-31T12:48:55+00:00","breadcrumb":{"@id":"https:\/\/www.shining-process-solutions.com\/kontakt\/#breadcrumb"},"inLanguage":"de","potentialAction":[{"@type":"ReadAction","target":["https:\/\/www.shining-process-solutions.com\/kontakt\/"]}]},{"@type":"BreadcrumbList","@id":"https:\/\/www.shining-process-solutions.com\/kontakt\/#breadcrumb","itemListElement":[{"@type":"ListItem","position":1,"name":"Home","item":"https:\/\/www.shining-process-solutions.com\/"},{"@type":"ListItem","position":2,"name":"Kontakt"}]},{"@type":"WebSite","@id":"https:\/\/www.shining-process-solutions.com\/#website","url":"https:\/\/www.shining-process-solutions.com\/","name":"Shining Process Solutions","description":"Forschung und Entwicklung - Research and Development","publisher":{"@id":"https:\/\/www.shining-process-solutions.com\/#organization"},"potentialAction":[{"@type":"SearchAction","target":{"@type":"EntryPoint","urlTemplate":"https:\/\/www.shining-process-solutions.com\/?s={search_term_string}"},"query-input":{"@type":"PropertyValueSpecification","valueRequired":true,"valueName":"search_term_string"}}],"inLanguage":"de"},{"@type":"Organization","@id":"https:\/\/www.shining-process-solutions.com\/#organization","name":"Shining Process Solutions","url":"https:\/\/www.shining-process-solutions.com\/","logo":{"@type":"ImageObject","inLanguage":"de","@id":"https:\/\/www.shining-process-solutions.com\/#\/schema\/logo\/image\/","url":"https:\/\/www.shining-process-solutions.com\/wp-content\/uploads\/2021\/06\/cropped-cropped-cropped-cropped-Logo_digital_pos.png","contentUrl":"https:\/\/www.shining-process-solutions.com\/wp-content\/uploads\/2021\/06\/cropped-cropped-cropped-cropped-Logo_digital_pos.png","width":512,"height":512,"caption":"Shining Process Solutions"},"image":{"@id":"https:\/\/www.shining-process-solutions.com\/#\/schema\/logo\/image\/"}}]}},"_links":{"self":[{"href":"https:\/\/www.shining-process-solutions.com\/de\/wp-json\/wp\/v2\/pages\/7","targetHints":{"allow":["GET"]}}],"collection":[{"href":"https:\/\/www.shining-process-solutions.com\/de\/wp-json\/wp\/v2\/pages"}],"about":[{"href":"https:\/\/www.shining-process-solutions.com\/de\/wp-json\/wp\/v2\/types\/page"}],"author":[{"embeddable":true,"href":"https:\/\/www.shining-process-solutions.com\/de\/wp-json\/wp\/v2\/users\/1"}],"replies":[{"embeddable":true,"href":"https:\/\/www.shining-process-solutions.com\/de\/wp-json\/wp\/v2\/comments?post=7"}],"version-history":[{"count":164,"href":"https:\/\/www.shining-process-solutions.com\/de\/wp-json\/wp\/v2\/pages\/7\/revisions"}],"predecessor-version":[{"id":2097,"href":"https:\/\/www.shining-process-solutions.com\/de\/wp-json\/wp\/v2\/pages\/7\/revisions\/2097"}],"wp:attachment":[{"href":"https:\/\/www.shining-process-solutions.com\/de\/wp-json\/wp\/v2\/media?parent=7"}],"curies":[{"name":"wp","href":"https:\/\/api.w.org\/{rel}","templated":true}]}}