{"id":2039,"date":"2025-02-06T10:10:16","date_gmt":"2025-02-06T09:10:16","guid":{"rendered":"https:\/\/www.shining-process-solutions.com\/?page_id=2039"},"modified":"2025-07-30T12:05:24","modified_gmt":"2025-07-30T10:05:24","slug":"sae-gmbh","status":"publish","type":"page","link":"https:\/\/www.shining-process-solutions.com\/de\/sae-gmbh\/","title":{"rendered":"SAE GmbH"},"content":{"rendered":"\t\t<div data-elementor-type=\"wp-page\" data-elementor-id=\"2039\" class=\"elementor elementor-2039\" data-elementor-post-type=\"page\">\n\t\t\t\t\t\t<section class=\"elementor-section elementor-top-section elementor-element elementor-element-ee95c1c elementor-section-boxed elementor-section-height-default elementor-section-height-default\" data-id=\"ee95c1c\" data-element_type=\"section\" data-e-type=\"section\">\n\t\t\t\t\t\t<div class=\"elementor-container elementor-column-gap-default\">\n\t\t\t\t\t<div class=\"elementor-column elementor-col-100 elementor-top-column elementor-element elementor-element-a08dbd4\" data-id=\"a08dbd4\" data-element_type=\"column\" data-e-type=\"column\">\n\t\t\t<div class=\"elementor-widget-wrap elementor-element-populated\">\n\t\t\t\t\t\t<div class=\"elementor-element elementor-element-7856f62 elementor-widget elementor-widget-text-editor\" data-id=\"7856f62\" data-element_type=\"widget\" data-e-type=\"widget\" data-widget_type=\"text-editor.default\">\n\t\t\t\t<div class=\"elementor-widget-container\">\n\t\t\t\t\t\t\t\t\t<p>Aus unserem umfassenden Angebot bieten wir f\u00fcr jede Anforderung die individuell passende Steuerung, <br \/>f\u00fcr kleinere Automatisierungsaufgaben ebenso wie f\u00fcr hochkomplexe Prozesse.<\/p><p>Wir bieten Ihnen intelligente L\u00f6sungen bei der Planung und Realisierung Ihrer Projekte.<\/p><p>Profitieren Sie von unserem \u00fcber Jahre angeeigneten, fundierten verfahrenstechnischen Know-how <br \/>in der Getr\u00e4nke &#8211; und Nahrungsmittelindustrie.<\/p><p><strong>Investieren Sie in die sichere Zukunft ihres Unternehmens.<br \/>Reagieren Sie auf die n\u00e4chsten Herausforderungen.<\/strong><\/p><ul><li><strong>Qualit\u00e4t<\/strong><\/li><li><strong>Wirtschaftlichkeit <\/strong><\/li><li><strong>Nachhaltigkeit<\/strong><\/li><li><strong>Wettbewerbsf\u00e4higkeit<\/strong><\/li><\/ul><p>\u00a0<\/p><p>Die flache Struktur unseres Unternehmens und die Konzentration unseres Einsatzgebietes auf die <br \/>Lebensmittelindustrie erm\u00f6glicht einen schnellen, flexiblen und unkomplizierten Service f\u00fcr unsere <br \/>Kunden bei bester Qualit\u00e4t zu fairen Preisen.<\/p><p>Unsere Kunden sch\u00e4tzen unsere Fachkompetenz und Zuverl\u00e4sslichkeit. F\u00fcr uns ist Verantwortungs-<br \/>bewu\u00dftsein und Engagement selbstverst\u00e4ndlich.<\/p><div>Falls Sie ein steuerungstechnisches Problem haben &#8211; wir haben auch f\u00fcr Sie die passende L\u00f6sung.<\/div>\t\t\t\t\t\t\t\t<\/div>\n\t\t\t\t<\/div>\n\t\t\t\t\t<\/div>\n\t\t<\/div>\n\t\t\t\t\t<\/div>\n\t\t<\/section>\n\t\t\t\t<section class=\"elementor-section elementor-top-section elementor-element elementor-element-a2c7e5c elementor-section-boxed elementor-section-height-default elementor-section-height-default\" data-id=\"a2c7e5c\" data-element_type=\"section\" data-e-type=\"section\">\n\t\t\t\t\t\t<div class=\"elementor-container elementor-column-gap-default\">\n\t\t\t\t\t<div class=\"elementor-column elementor-col-100 elementor-top-column elementor-element elementor-element-59a64d2\" data-id=\"59a64d2\" data-element_type=\"column\" data-e-type=\"column\">\n\t\t\t<div class=\"elementor-widget-wrap\">\n\t\t\t\t\t\t\t<\/div>\n\t\t<\/div>\n\t\t\t\t\t<\/div>\n\t\t<\/section>\n\t\t\t\t<section class=\"elementor-section elementor-top-section elementor-element elementor-element-42e79b8 elementor-section-boxed elementor-section-height-default elementor-section-height-default\" data-id=\"42e79b8\" data-element_type=\"section\" data-e-type=\"section\">\n\t\t\t\t\t\t<div class=\"elementor-container elementor-column-gap-default\">\n\t\t\t\t\t<div class=\"elementor-column elementor-col-100 elementor-top-column elementor-element elementor-element-f6d54a2\" data-id=\"f6d54a2\" data-element_type=\"column\" data-e-type=\"column\">\n\t\t\t<div class=\"elementor-widget-wrap elementor-element-populated\">\n\t\t\t\t\t\t<div class=\"elementor-element elementor-element-c2995ae elementor-widget elementor-widget-text-editor\" data-id=\"c2995ae\" data-element_type=\"widget\" data-e-type=\"widget\" data-widget_type=\"text-editor.default\">\n\t\t\t\t<div class=\"elementor-widget-container\">\n\t\t\t\t\t\t\t\t\t<p><strong>Leistungen:<\/strong><\/p><div class=\"com-content-article__body\"><ul><li>Beratung<\/li><li>Projektierung<\/li><li>Hardware- und Software-Engineering<\/li><li>Elektrische Installationen<\/li><li>Weltweite Inbetriebnahme<\/li><li>Technologieoptimierung<\/li><li>Abnahme<\/li><li>Schulung<\/li><li>Wartung und Instandhaltung<\/li><li>Service<\/li><li>Modernisierung<\/li><li>Automatisierung und Projekt-Management<\/li><li>Produktionsverbesserung und Verfahrensoptimierung<\/li><\/ul><\/div>\t\t\t\t\t\t\t\t<\/div>\n\t\t\t\t<\/div>\n\t\t\t\t\t<\/div>\n\t\t<\/div>\n\t\t\t\t\t<\/div>\n\t\t<\/section>\n\t\t\t\t<section class=\"elementor-section elementor-top-section elementor-element elementor-element-fe83c00 elementor-section-boxed elementor-section-height-default elementor-section-height-default\" data-id=\"fe83c00\" data-element_type=\"section\" data-e-type=\"section\">\n\t\t\t\t\t\t<div class=\"elementor-container elementor-column-gap-default\">\n\t\t\t\t\t<div class=\"elementor-column elementor-col-100 elementor-top-column elementor-element elementor-element-f67ec34\" data-id=\"f67ec34\" data-element_type=\"column\" data-e-type=\"column\">\n\t\t\t<div class=\"elementor-widget-wrap elementor-element-populated\">\n\t\t\t\t\t\t<div class=\"elementor-element elementor-element-33f6362 elementor-widget elementor-widget-text-editor\" data-id=\"33f6362\" data-element_type=\"widget\" data-e-type=\"widget\" data-widget_type=\"text-editor.default\">\n\t\t\t\t<div class=\"elementor-widget-container\">\n\t\t\t\t\t\t\t\t\t<p><strong>Rechtliche Daten SAE-GmbH<\/strong><\/p><p><strong>SAE software-automation-EDV-GmbH<\/strong><br \/>Hadeldorfstrasse 47<br \/>A-6830 Rankweil<br \/>\u00d6sterreich<\/p><table border=\"0\" cellspacing=\"0\" cellpadding=\"0\"><tbody><tr><td>Mail:<\/td><td>office@sae-gmbh.at<\/td><\/tr><tr><td>Web:<\/td><td>www.sae-gmbh.at<\/td><\/tr><\/tbody><\/table><p>. . . . . . . . . . . . . . . . . . . . . . . . . . . . . . . . . . . . . . . . . . . . . . . . . . . . . . . . . . . . . . . . . . . . . . . . . . . . . .<\/p><p>Firmendaten:<\/p><table border=\"0\" cellspacing=\"0\" cellpadding=\"0\"><tbody><tr><td>UID:<\/td><td>ATU 49383206<\/td><\/tr><tr><td>Firmensitz:<\/td><td>Rankweil<\/td><\/tr><tr><td>Firmengericht:<\/td><td>Landesgericht Feldkirch<\/td><\/tr><tr><td>Firmenbuchnummer:<\/td><td>195613t<\/td><\/tr><\/tbody><\/table><p><a href=\"http:\/\/firmena-z.wko.at\/ecg.asp?mg=8040104\"><img decoding=\"async\" class=\"alignnone size-full wp-image-2061\" src=\"https:\/\/www.shining-process-solutions.com\/wp-content\/uploads\/2025\/02\/ecg.gif\" alt=\"\" width=\"169\" height=\"23\" \/><\/a><\/p>\t\t\t\t\t\t\t\t<\/div>\n\t\t\t\t<\/div>\n\t\t\t\t\t<\/div>\n\t\t<\/div>\n\t\t\t\t\t<\/div>\n\t\t<\/section>\n\t\t\t\t<\/div>\n\t\t","protected":false},"excerpt":{"rendered":"<p>Aus unserem umfassenden Angebot bieten wir f\u00fcr jede Anforderung die individuell passende Steuerung, f\u00fcr kleinere Automatisierungsaufgaben ebenso wie f\u00fcr hochkomplexe Prozesse. Wir bieten Ihnen intelligente L\u00f6sungen bei der Planung und Realisierung Ihrer Projekte. Profitieren Sie von unserem \u00fcber Jahre angeeigneten, fundierten verfahrenstechnischen Know-how in der Getr\u00e4nke &#8211; und Nahrungsmittelindustrie. Investieren Sie in die sichere Zukunft [&hellip;]<\/p>\n","protected":false},"author":1,"featured_media":0,"parent":0,"menu_order":0,"comment_status":"closed","ping_status":"closed","template":"","meta":{"footnotes":""},"class_list":["post-2039","page","type-page","status-publish","hentry"],"yoast_head":"<!-- This site is optimized with the Yoast SEO plugin v27.4 - https:\/\/yoast.com\/product\/yoast-seo-wordpress\/ -->\n<title>SAE GmbH - Shining Process Solutions<\/title>\n<meta name=\"robots\" content=\"index, follow, max-snippet:-1, max-image-preview:large, max-video-preview:-1\" \/>\n<link rel=\"canonical\" href=\"https:\/\/www.shining-process-solutions.com\/de\/sae-gmbh\/\" \/>\n<meta property=\"og:locale\" content=\"de_DE\" \/>\n<meta property=\"og:type\" content=\"article\" \/>\n<meta property=\"og:title\" content=\"SAE GmbH - Shining Process Solutions\" \/>\n<meta property=\"og:description\" content=\"Aus unserem umfassenden Angebot bieten wir f\u00fcr jede Anforderung die individuell passende Steuerung, f\u00fcr kleinere Automatisierungsaufgaben ebenso wie f\u00fcr hochkomplexe Prozesse. Wir bieten Ihnen intelligente L\u00f6sungen bei der Planung und Realisierung Ihrer Projekte. Profitieren Sie von unserem \u00fcber Jahre angeeigneten, fundierten verfahrenstechnischen Know-how in der Getr\u00e4nke &#8211; und Nahrungsmittelindustrie. Investieren Sie in die sichere Zukunft [&hellip;]\" \/>\n<meta property=\"og:url\" content=\"https:\/\/www.shining-process-solutions.com\/de\/sae-gmbh\/\" \/>\n<meta property=\"og:site_name\" content=\"Shining Process Solutions\" \/>\n<meta property=\"article:modified_time\" content=\"2025-07-30T10:05:24+00:00\" \/>\n<meta property=\"og:image\" content=\"https:\/\/www.shining-process-solutions.com\/wp-content\/uploads\/2025\/02\/ecg.gif\" \/>\n\t<meta property=\"og:image:width\" content=\"169\" \/>\n\t<meta property=\"og:image:height\" content=\"23\" \/>\n\t<meta property=\"og:image:type\" content=\"image\/gif\" \/>\n<meta name=\"twitter:card\" content=\"summary_large_image\" \/>\n<meta name=\"twitter:label1\" content=\"Gesch\u00e4tzte Lesezeit\" \/>\n\t<meta name=\"twitter:data1\" content=\"2\u00a0Minuten\" \/>\n<script type=\"application\/ld+json\" class=\"yoast-schema-graph\">{\"@context\":\"https:\\\/\\\/schema.org\",\"@graph\":[{\"@type\":\"WebPage\",\"@id\":\"https:\\\/\\\/www.shining-process-solutions.com\\\/sae-gmbh\\\/\",\"url\":\"https:\\\/\\\/www.shining-process-solutions.com\\\/sae-gmbh\\\/\",\"name\":\"SAE GmbH - Shining Process Solutions\",\"isPartOf\":{\"@id\":\"https:\\\/\\\/www.shining-process-solutions.com\\\/#website\"},\"primaryImageOfPage\":{\"@id\":\"https:\\\/\\\/www.shining-process-solutions.com\\\/sae-gmbh\\\/#primaryimage\"},\"image\":{\"@id\":\"https:\\\/\\\/www.shining-process-solutions.com\\\/sae-gmbh\\\/#primaryimage\"},\"thumbnailUrl\":\"https:\\\/\\\/www.shining-process-solutions.com\\\/wp-content\\\/uploads\\\/2025\\\/02\\\/ecg.gif\",\"datePublished\":\"2025-02-06T09:10:16+00:00\",\"dateModified\":\"2025-07-30T10:05:24+00:00\",\"breadcrumb\":{\"@id\":\"https:\\\/\\\/www.shining-process-solutions.com\\\/sae-gmbh\\\/#breadcrumb\"},\"inLanguage\":\"de\",\"potentialAction\":[{\"@type\":\"ReadAction\",\"target\":[\"https:\\\/\\\/www.shining-process-solutions.com\\\/sae-gmbh\\\/\"]}]},{\"@type\":\"ImageObject\",\"inLanguage\":\"de\",\"@id\":\"https:\\\/\\\/www.shining-process-solutions.com\\\/sae-gmbh\\\/#primaryimage\",\"url\":\"https:\\\/\\\/www.shining-process-solutions.com\\\/wp-content\\\/uploads\\\/2025\\\/02\\\/ecg.gif\",\"contentUrl\":\"https:\\\/\\\/www.shining-process-solutions.com\\\/wp-content\\\/uploads\\\/2025\\\/02\\\/ecg.gif\"},{\"@type\":\"BreadcrumbList\",\"@id\":\"https:\\\/\\\/www.shining-process-solutions.com\\\/sae-gmbh\\\/#breadcrumb\",\"itemListElement\":[{\"@type\":\"ListItem\",\"position\":1,\"name\":\"Home\",\"item\":\"https:\\\/\\\/www.shining-process-solutions.com\\\/\"},{\"@type\":\"ListItem\",\"position\":2,\"name\":\"SAE GmbH\"}]},{\"@type\":\"WebSite\",\"@id\":\"https:\\\/\\\/www.shining-process-solutions.com\\\/#website\",\"url\":\"https:\\\/\\\/www.shining-process-solutions.com\\\/\",\"name\":\"Shining Process Solutions\",\"description\":\"Forschung und Entwicklung - Research and Development\",\"publisher\":{\"@id\":\"https:\\\/\\\/www.shining-process-solutions.com\\\/#organization\"},\"potentialAction\":[{\"@type\":\"SearchAction\",\"target\":{\"@type\":\"EntryPoint\",\"urlTemplate\":\"https:\\\/\\\/www.shining-process-solutions.com\\\/?s={search_term_string}\"},\"query-input\":{\"@type\":\"PropertyValueSpecification\",\"valueRequired\":true,\"valueName\":\"search_term_string\"}}],\"inLanguage\":\"de\"},{\"@type\":\"Organization\",\"@id\":\"https:\\\/\\\/www.shining-process-solutions.com\\\/#organization\",\"name\":\"Shining Process Solutions\",\"url\":\"https:\\\/\\\/www.shining-process-solutions.com\\\/\",\"logo\":{\"@type\":\"ImageObject\",\"inLanguage\":\"de\",\"@id\":\"https:\\\/\\\/www.shining-process-solutions.com\\\/#\\\/schema\\\/logo\\\/image\\\/\",\"url\":\"https:\\\/\\\/www.shining-process-solutions.com\\\/wp-content\\\/uploads\\\/2021\\\/06\\\/cropped-cropped-cropped-cropped-Logo_digital_pos.png\",\"contentUrl\":\"https:\\\/\\\/www.shining-process-solutions.com\\\/wp-content\\\/uploads\\\/2021\\\/06\\\/cropped-cropped-cropped-cropped-Logo_digital_pos.png\",\"width\":512,\"height\":512,\"caption\":\"Shining Process Solutions\"},\"image\":{\"@id\":\"https:\\\/\\\/www.shining-process-solutions.com\\\/#\\\/schema\\\/logo\\\/image\\\/\"}}]}<\/script>\n<!-- \/ Yoast SEO plugin. -->","yoast_head_json":{"title":"SAE GmbH - Shining Process Solutions","robots":{"index":"index","follow":"follow","max-snippet":"max-snippet:-1","max-image-preview":"max-image-preview:large","max-video-preview":"max-video-preview:-1"},"canonical":"https:\/\/www.shining-process-solutions.com\/de\/sae-gmbh\/","og_locale":"de_DE","og_type":"article","og_title":"SAE GmbH - Shining Process Solutions","og_description":"Aus unserem umfassenden Angebot bieten wir f\u00fcr jede Anforderung die individuell passende Steuerung, f\u00fcr kleinere Automatisierungsaufgaben ebenso wie f\u00fcr hochkomplexe Prozesse. Wir bieten Ihnen intelligente L\u00f6sungen bei der Planung und Realisierung Ihrer Projekte. Profitieren Sie von unserem \u00fcber Jahre angeeigneten, fundierten verfahrenstechnischen Know-how in der Getr\u00e4nke &#8211; und Nahrungsmittelindustrie. Investieren Sie in die sichere Zukunft [&hellip;]","og_url":"https:\/\/www.shining-process-solutions.com\/de\/sae-gmbh\/","og_site_name":"Shining Process Solutions","article_modified_time":"2025-07-30T10:05:24+00:00","og_image":[{"width":169,"height":23,"url":"https:\/\/www.shining-process-solutions.com\/wp-content\/uploads\/2025\/02\/ecg.gif","type":"image\/gif"}],"twitter_card":"summary_large_image","twitter_misc":{"Gesch\u00e4tzte Lesezeit":"2\u00a0Minuten"},"schema":{"@context":"https:\/\/schema.org","@graph":[{"@type":"WebPage","@id":"https:\/\/www.shining-process-solutions.com\/sae-gmbh\/","url":"https:\/\/www.shining-process-solutions.com\/sae-gmbh\/","name":"SAE GmbH - Shining Process Solutions","isPartOf":{"@id":"https:\/\/www.shining-process-solutions.com\/#website"},"primaryImageOfPage":{"@id":"https:\/\/www.shining-process-solutions.com\/sae-gmbh\/#primaryimage"},"image":{"@id":"https:\/\/www.shining-process-solutions.com\/sae-gmbh\/#primaryimage"},"thumbnailUrl":"https:\/\/www.shining-process-solutions.com\/wp-content\/uploads\/2025\/02\/ecg.gif","datePublished":"2025-02-06T09:10:16+00:00","dateModified":"2025-07-30T10:05:24+00:00","breadcrumb":{"@id":"https:\/\/www.shining-process-solutions.com\/sae-gmbh\/#breadcrumb"},"inLanguage":"de","potentialAction":[{"@type":"ReadAction","target":["https:\/\/www.shining-process-solutions.com\/sae-gmbh\/"]}]},{"@type":"ImageObject","inLanguage":"de","@id":"https:\/\/www.shining-process-solutions.com\/sae-gmbh\/#primaryimage","url":"https:\/\/www.shining-process-solutions.com\/wp-content\/uploads\/2025\/02\/ecg.gif","contentUrl":"https:\/\/www.shining-process-solutions.com\/wp-content\/uploads\/2025\/02\/ecg.gif"},{"@type":"BreadcrumbList","@id":"https:\/\/www.shining-process-solutions.com\/sae-gmbh\/#breadcrumb","itemListElement":[{"@type":"ListItem","position":1,"name":"Home","item":"https:\/\/www.shining-process-solutions.com\/"},{"@type":"ListItem","position":2,"name":"SAE GmbH"}]},{"@type":"WebSite","@id":"https:\/\/www.shining-process-solutions.com\/#website","url":"https:\/\/www.shining-process-solutions.com\/","name":"Shining Process Solutions","description":"Forschung und Entwicklung - Research and Development","publisher":{"@id":"https:\/\/www.shining-process-solutions.com\/#organization"},"potentialAction":[{"@type":"SearchAction","target":{"@type":"EntryPoint","urlTemplate":"https:\/\/www.shining-process-solutions.com\/?s={search_term_string}"},"query-input":{"@type":"PropertyValueSpecification","valueRequired":true,"valueName":"search_term_string"}}],"inLanguage":"de"},{"@type":"Organization","@id":"https:\/\/www.shining-process-solutions.com\/#organization","name":"Shining Process Solutions","url":"https:\/\/www.shining-process-solutions.com\/","logo":{"@type":"ImageObject","inLanguage":"de","@id":"https:\/\/www.shining-process-solutions.com\/#\/schema\/logo\/image\/","url":"https:\/\/www.shining-process-solutions.com\/wp-content\/uploads\/2021\/06\/cropped-cropped-cropped-cropped-Logo_digital_pos.png","contentUrl":"https:\/\/www.shining-process-solutions.com\/wp-content\/uploads\/2021\/06\/cropped-cropped-cropped-cropped-Logo_digital_pos.png","width":512,"height":512,"caption":"Shining Process Solutions"},"image":{"@id":"https:\/\/www.shining-process-solutions.com\/#\/schema\/logo\/image\/"}}]}},"_links":{"self":[{"href":"https:\/\/www.shining-process-solutions.com\/de\/wp-json\/wp\/v2\/pages\/2039","targetHints":{"allow":["GET"]}}],"collection":[{"href":"https:\/\/www.shining-process-solutions.com\/de\/wp-json\/wp\/v2\/pages"}],"about":[{"href":"https:\/\/www.shining-process-solutions.com\/de\/wp-json\/wp\/v2\/types\/page"}],"author":[{"embeddable":true,"href":"https:\/\/www.shining-process-solutions.com\/de\/wp-json\/wp\/v2\/users\/1"}],"replies":[{"embeddable":true,"href":"https:\/\/www.shining-process-solutions.com\/de\/wp-json\/wp\/v2\/comments?post=2039"}],"version-history":[{"count":17,"href":"https:\/\/www.shining-process-solutions.com\/de\/wp-json\/wp\/v2\/pages\/2039\/revisions"}],"predecessor-version":[{"id":2123,"href":"https:\/\/www.shining-process-solutions.com\/de\/wp-json\/wp\/v2\/pages\/2039\/revisions\/2123"}],"wp:attachment":[{"href":"https:\/\/www.shining-process-solutions.com\/de\/wp-json\/wp\/v2\/media?parent=2039"}],"curies":[{"name":"wp","href":"https:\/\/api.w.org\/{rel}","templated":true}]}}